{"id":78,"date":"2017-12-12T11:24:21","date_gmt":"2017-12-12T15:24:21","guid":{"rendered":"http:\/\/ayuntamiento.guineo\/transparencia\/?page_id=78"},"modified":"2024-07-13T14:54:25","modified_gmt":"2024-07-13T18:54:25","slug":"definicion-oaim-oficina-de-acceso-a-la-informacion-municipal","status":"publish","type":"page","link":"https:\/\/ayuntamientobocachica.gob.do\/transparencia\/definicion-oaim-oficina-de-acceso-a-la-informacion-municipal\/","title":{"rendered":"Definici\u00f3n OAIM (Oficina de Acceso a la Informaci\u00f3n Municipal)"},"content":{"rendered":"<blockquote><p><strong><span style=\"font-size: 12pt\">Definici\u00f3n OAI (Oficina de Acceso a la Informaci\u00f3n)<\/span><\/strong><\/p><\/blockquote>\n<p><span style=\"font-size: 12pt\">La Oficina de Acceso a la Informaci\u00f3n (OAI), es un mandato de la Ley General de Libre Acceso a la Informaci\u00f3n P\u00fablica Ley 200-04 y el Decreto No. 130-05 que crea el reglamento de dicha ley, con el objetivo de apoyar a entidades y personas tanto p\u00fablicas como privadas mediante las informaciones solicitadas.<\/span><\/p>\n<blockquote><p><strong><span style=\"font-size: 12pt\">Definici\u00f3n RAI<\/span><\/strong><\/p><\/blockquote>\n<p><span style=\"font-size: 12pt\">El representante de Acceso a la Informaci\u00f3n, es el responsable de tramitar y facilitar las informaciones requeridas y de ser el canal de comunicaci\u00f3n entre la instituci\u00f3n, ciudadanos y ciudadanas.<\/span><\/p>\n<blockquote><p><strong><span style=\"font-size: 12pt\">Proceso de Solicitud de Informaci\u00f3n:<\/span><\/strong><\/p><\/blockquote>\n<ul>\n<li><span style=\"font-size: 12pt\">Completar el formulario de solicitud de informaci\u00f3n.<\/span><\/li>\n<li><span style=\"font-size: 12pt\">Se procede a la revisi\u00f3n de dicho documento con la finalidad de verificar que est\u00e1 debidamente completada(o).<\/span><\/li>\n<li><span style=\"font-size: 12pt\">Se hace entrega de acuse de recibo al solicitante.<\/span><\/li>\n<li><span style=\"font-size: 12pt\">Seg\u00fan la complejidad de la informaci\u00f3n, se asigna una fecha de entrega. En caso de no ser la OPTIC la entidad competente para ofrecer la informaci\u00f3n requerida, dicha solicitud se refiere a la instituci\u00f3n correspondiente y se le informa al solicitante, el curso que ha tomado su solicitud y la instituci\u00f3n destinataria.<\/span><\/li>\n<li><span style=\"font-size: 12pt\">Seguimiento de la(s) solicitud(es) hasta confirmar que se ha suministrado la informaci\u00f3n.<\/span><\/li>\n<\/ul>\n<blockquote><p><strong><span style=\"font-size: 12pt\">Documentos Relacionados:<\/span><\/strong><\/p><\/blockquote>\n<ul>\n<li><span style=\"font-size: 12pt\">Manuales<\/span><\/li>\n<li><span style=\"font-size: 12pt\">Estad\u00edsticas y balances de gesti\u00f3n<\/span><\/li>\n<li><span style=\"font-size: 12pt\">Informaci\u00f3n clasificada<\/span><\/li>\n<li><span style=\"font-size: 12pt\">\u00cdndice de documentos disponibles para la entrega<\/span><\/li>\n<li><span style=\"font-size: 12pt\">Formulario de solicitud de informaci\u00f3n p\u00fablica<\/span><\/li>\n<\/ul>\n<blockquote><p><span style=\"font-size: 12pt\"><strong>Contacto Responsable de Acceso a la Informaci\u00f3n<\/strong><\/span><\/p><\/blockquote>\n<p><strong><span style=\"font-size: 12pt\">Dennys Rivera<\/span><\/strong><br \/>\n<span style=\"font-size: 12pt\">Responsable de Acceso a la Informaci\u00f3n (RAI)<\/span><\/p>\n<ul>\n<li><span style=\"font-size: 12pt\"><strong>Tel\u00e9fono:<\/strong> 809-523-4221 ext. 0101<br \/>\n<\/span><\/li>\n<li><strong>Celular:<\/strong> <span style=\"font-size: 12pt\">829-642-2025<\/span><\/li>\n<li><strong>Correo:<\/strong> alcaldiabc@gmail.com<\/li>\n<\/ul>\n","protected":false},"excerpt":{"rendered":"Definici\u00f3n OAI (Oficina de Acceso a la Informaci\u00f3n) La Oficina de Acceso a la Informaci\u00f3n (OAI), es un mandato de la Ley General de Libre Acceso a la Informaci\u00f3n P\u00fablica Ley 200-04 y el Decreto No. 130-05 que crea el reglamento de dicha ley, con el objetivo de apoyar a entidades y personas tanto p\u00fablicas&#8230;","protected":false},"author":4,"featured_media":0,"parent":0,"menu_order":0,"comment_status":"closed","ping_status":"closed","template":"","meta":[],"acf":[],"_links":{"self":[{"href":"https:\/\/ayuntamientobocachica.gob.do\/transparencia\/wp-json\/wp\/v2\/pages\/78"}],"collection":[{"href":"https:\/\/ayuntamientobocachica.gob.do\/transparencia\/wp-json\/wp\/v2\/pages"}],"about":[{"href":"https:\/\/ayuntamientobocachica.gob.do\/transparencia\/wp-json\/wp\/v2\/types\/page"}],"author":[{"embeddable":true,"href":"https:\/\/ayuntamientobocachica.gob.do\/transparencia\/wp-json\/wp\/v2\/users\/4"}],"replies":[{"embeddable":true,"href":"https:\/\/ayuntamientobocachica.gob.do\/transparencia\/wp-json\/wp\/v2\/comments?post=78"}],"version-history":[{"count":10,"href":"https:\/\/ayuntamientobocachica.gob.do\/transparencia\/wp-json\/wp\/v2\/pages\/78\/revisions"}],"predecessor-version":[{"id":1661,"href":"https:\/\/ayuntamientobocachica.gob.do\/transparencia\/wp-json\/wp\/v2\/pages\/78\/revisions\/1661"}],"wp:attachment":[{"href":"https:\/\/ayuntamientobocachica.gob.do\/transparencia\/wp-json\/wp\/v2\/media?parent=78"}],"curies":[{"name":"wp","href":"https:\/\/api.w.org\/{rel}","templated":true}]}}