{"id":258,"date":"2018-01-22T10:17:40","date_gmt":"2018-01-22T14:17:40","guid":{"rendered":"http:\/\/new.bocachica.gob.do\/transparencia\/?page_id=258"},"modified":"2025-11-12T15:01:18","modified_gmt":"2025-11-12T19:01:18","slug":"responsable-de-acceso-a-la-informacion","status":"publish","type":"page","link":"https:\/\/ayuntamientobocachica.gob.do\/transparencia\/responsable-de-acceso-a-la-informacion\/","title":{"rendered":"Contacto Responsable de Acceso a la Informaci\u00f3n"},"content":{"rendered":"<p><strong><span style=\"font-size: 12pt\">Dennys Rivera<\/span><\/strong><br \/><span style=\"font-size: 12pt\">Responsable de Acceso a la Informaci\u00f3n (RAI)<\/span><\/p>\n<ul>\n<li><span style=\"font-size: 12pt\"><strong>Tel\u00e9fono:<\/strong><\/span><\/li>\n<li>809-523-4221 ext. 202<\/li>\n<li>829-642-2025<\/li>\n<li><span style=\"font-size: 12pt\"><strong>Correo:\u00a0<\/strong><\/span><\/li>\n<li>oaim@ayuntamientobocachica.gob.do<\/li>\n<\/ul>\n\n\n<h2>FORMULARIO DE SOLICITUD DE INFORMACI\u00d3N P\u00daBLICA<\/h2>\n\n\n\n<figure class=\"wp-block-image size-large is-resized\"><a class=\"https:\/\/saip.gob.do\/apps\/sip\/?step=one\" href=\"https:\/\/saip.gob.do\/\" target=\"_blank\" rel=\"https:\/\/saip.gob.do\/apps\/sip\/?step=one noopener\"><img loading=\"lazy\" src=\"https:\/\/ayuntamientobocachica.gob.do\/transparencia\/wp-content\/uploads\/2025\/11\/Formulario-de-Solicitud-de-Informacion-Publica-Alcaldia-Boca-Chica-700x906.jpg\" alt=\"\" class=\"wp-image-2792\" width=\"840\" height=\"1087\" srcset=\"https:\/\/ayuntamientobocachica.gob.do\/transparencia\/wp-content\/uploads\/2025\/11\/Formulario-de-Solicitud-de-Informacion-Publica-Alcaldia-Boca-Chica-700x906.jpg 700w, https:\/\/ayuntamientobocachica.gob.do\/transparencia\/wp-content\/uploads\/2025\/11\/Formulario-de-Solicitud-de-Informacion-Publica-Alcaldia-Boca-Chica-250x324.jpg 250w, https:\/\/ayuntamientobocachica.gob.do\/transparencia\/wp-content\/uploads\/2025\/11\/Formulario-de-Solicitud-de-Informacion-Publica-Alcaldia-Boca-Chica-768x994.jpg 768w, https:\/\/ayuntamientobocachica.gob.do\/transparencia\/wp-content\/uploads\/2025\/11\/Formulario-de-Solicitud-de-Informacion-Publica-Alcaldia-Boca-Chica-1187x1536.jpg 1187w, https:\/\/ayuntamientobocachica.gob.do\/transparencia\/wp-content\/uploads\/2025\/11\/Formulario-de-Solicitud-de-Informacion-Publica-Alcaldia-Boca-Chica-1583x2048.jpg 1583w, https:\/\/ayuntamientobocachica.gob.do\/transparencia\/wp-content\/uploads\/2025\/11\/Formulario-de-Solicitud-de-Informacion-Publica-Alcaldia-Boca-Chica-120x155.jpg 120w, https:\/\/ayuntamientobocachica.gob.do\/transparencia\/wp-content\/uploads\/2025\/11\/Formulario-de-Solicitud-de-Informacion-Publica-Alcaldia-Boca-Chica-scaled.jpg 1978w\" sizes=\"(max-width: 840px) 100vw, 840px\" \/><\/a><\/figure>\n\n\n\n<h2>OFICINA LIBRE ACCESO A LA INFORMACI\u00d3N<\/h2>\n\n\n\n<figure class=\"wp-block-gallery has-nested-images columns-default is-cropped\">\n<figure class=\"wp-block-image size-large\"><img loading=\"lazy\" width=\"700\" height=\"933\" data-id=\"1908\"  src=\"https:\/\/ayuntamientobocachica.gob.do\/transparencia\/wp-content\/uploads\/2024\/10\/OAIM-700x933.jpg\" alt=\"\" class=\"wp-image-1908\" srcset=\"https:\/\/ayuntamientobocachica.gob.do\/transparencia\/wp-content\/uploads\/2024\/10\/OAIM-700x933.jpg 700w, https:\/\/ayuntamientobocachica.gob.do\/transparencia\/wp-content\/uploads\/2024\/10\/OAIM-250x333.jpg 250w, https:\/\/ayuntamientobocachica.gob.do\/transparencia\/wp-content\/uploads\/2024\/10\/OAIM-768x1024.jpg 768w, https:\/\/ayuntamientobocachica.gob.do\/transparencia\/wp-content\/uploads\/2024\/10\/OAIM-1152x1536.jpg 1152w, https:\/\/ayuntamientobocachica.gob.do\/transparencia\/wp-content\/uploads\/2024\/10\/OAIM-1536x2048.jpg 1536w, https:\/\/ayuntamientobocachica.gob.do\/transparencia\/wp-content\/uploads\/2024\/10\/OAIM-120x160.jpg 120w, https:\/\/ayuntamientobocachica.gob.do\/transparencia\/wp-content\/uploads\/2024\/10\/OAIM-scaled.jpg 1920w\" sizes=\"(max-width: 700px) 100vw, 700px\" \/><\/figure>\n\n\n\n<figure class=\"wp-block-image size-large\"><img loading=\"lazy\" width=\"700\" height=\"937\" data-id=\"1828\"  src=\"https:\/\/ayuntamientobocachica.gob.do\/transparencia\/wp-content\/uploads\/2024\/08\/OAIM-Alcaldia-Boca-Chica--700x937.jpg\" alt=\"\" class=\"wp-image-1828\" srcset=\"https:\/\/ayuntamientobocachica.gob.do\/transparencia\/wp-content\/uploads\/2024\/08\/OAIM-Alcaldia-Boca-Chica--700x937.jpg 700w, https:\/\/ayuntamientobocachica.gob.do\/transparencia\/wp-content\/uploads\/2024\/08\/OAIM-Alcaldia-Boca-Chica--250x335.jpg 250w, https:\/\/ayuntamientobocachica.gob.do\/transparencia\/wp-content\/uploads\/2024\/08\/OAIM-Alcaldia-Boca-Chica--768x1028.jpg 768w, https:\/\/ayuntamientobocachica.gob.do\/transparencia\/wp-content\/uploads\/2024\/08\/OAIM-Alcaldia-Boca-Chica--1148x1536.jpg 1148w, https:\/\/ayuntamientobocachica.gob.do\/transparencia\/wp-content\/uploads\/2024\/08\/OAIM-Alcaldia-Boca-Chica--1531x2048.jpg 1531w, https:\/\/ayuntamientobocachica.gob.do\/transparencia\/wp-content\/uploads\/2024\/08\/OAIM-Alcaldia-Boca-Chica--120x161.jpg 120w, https:\/\/ayuntamientobocachica.gob.do\/transparencia\/wp-content\/uploads\/2024\/08\/OAIM-Alcaldia-Boca-Chica--scaled.jpg 1913w\" sizes=\"(max-width: 700px) 100vw, 700px\" \/><\/figure>\n\n\n\n<figure class=\"wp-block-image size-large\"><img loading=\"lazy\" width=\"700\" height=\"881\" data-id=\"1909\"  src=\"https:\/\/ayuntamientobocachica.gob.do\/transparencia\/wp-content\/uploads\/2024\/10\/OAIM-2-700x881.jpg\" alt=\"\" class=\"wp-image-1909\" srcset=\"https:\/\/ayuntamientobocachica.gob.do\/transparencia\/wp-content\/uploads\/2024\/10\/OAIM-2-700x881.jpg 700w, https:\/\/ayuntamientobocachica.gob.do\/transparencia\/wp-content\/uploads\/2024\/10\/OAIM-2-250x315.jpg 250w, https:\/\/ayuntamientobocachica.gob.do\/transparencia\/wp-content\/uploads\/2024\/10\/OAIM-2-768x967.jpg 768w, https:\/\/ayuntamientobocachica.gob.do\/transparencia\/wp-content\/uploads\/2024\/10\/OAIM-2-1220x1536.jpg 1220w, https:\/\/ayuntamientobocachica.gob.do\/transparencia\/wp-content\/uploads\/2024\/10\/OAIM-2-1627x2048.jpg 1627w, https:\/\/ayuntamientobocachica.gob.do\/transparencia\/wp-content\/uploads\/2024\/10\/OAIM-2-120x151.jpg 120w, https:\/\/ayuntamientobocachica.gob.do\/transparencia\/wp-content\/uploads\/2024\/10\/OAIM-2-scaled.jpg 2033w\" sizes=\"(max-width: 700px) 100vw, 700px\" \/><\/figure>\n<\/figure>\n","protected":false},"excerpt":{"rendered":"Dennys RiveraResponsable de Acceso a la Informaci\u00f3n (RAI) Tel\u00e9fono: 809-523-4221 ext. 202 829-642-2025 Correo:\u00a0 oaim@ayuntamientobocachica.gob.do FORMULARIO DE SOLICITUD DE INFORMACI\u00d3N P\u00daBLICA OFICINA LIBRE ACCESO A LA INFORMACI\u00d3N","protected":false},"author":4,"featured_media":0,"parent":0,"menu_order":0,"comment_status":"closed","ping_status":"closed","template":"","meta":[],"acf":[],"_links":{"self":[{"href":"https:\/\/ayuntamientobocachica.gob.do\/transparencia\/wp-json\/wp\/v2\/pages\/258"}],"collection":[{"href":"https:\/\/ayuntamientobocachica.gob.do\/transparencia\/wp-json\/wp\/v2\/pages"}],"about":[{"href":"https:\/\/ayuntamientobocachica.gob.do\/transparencia\/wp-json\/wp\/v2\/types\/page"}],"author":[{"embeddable":true,"href":"https:\/\/ayuntamientobocachica.gob.do\/transparencia\/wp-json\/wp\/v2\/users\/4"}],"replies":[{"embeddable":true,"href":"https:\/\/ayuntamientobocachica.gob.do\/transparencia\/wp-json\/wp\/v2\/comments?post=258"}],"version-history":[{"count":17,"href":"https:\/\/ayuntamientobocachica.gob.do\/transparencia\/wp-json\/wp\/v2\/pages\/258\/revisions"}],"predecessor-version":[{"id":2794,"href":"https:\/\/ayuntamientobocachica.gob.do\/transparencia\/wp-json\/wp\/v2\/pages\/258\/revisions\/2794"}],"wp:attachment":[{"href":"https:\/\/ayuntamientobocachica.gob.do\/transparencia\/wp-json\/wp\/v2\/media?parent=258"}],"curies":[{"name":"wp","href":"https:\/\/api.w.org\/{rel}","templated":true}]}}